{"id":640,"date":"2024-12-22T00:54:27","date_gmt":"2024-12-22T00:54:27","guid":{"rendered":"https:\/\/agenciabeyond.com.br\/lp\/?post_type=product&#038;p=640"},"modified":"2025-04-12T12:23:42","modified_gmt":"2025-04-12T12:23:42","slug":"setup-campanha-trafego-pago-facebook-ads","status":"publish","type":"product","link":"https:\/\/agenciabeyond.com.br\/lp\/produto\/setup-campanha-trafego-pago-facebook-ads\/","title":{"rendered":"Setup Campanha Tr\u00e1fego Pago \u2013 Facebook Ads"},"content":{"rendered":"<p>[et_pb_section fb_built=&#8221;1&#8243; _builder_version=&#8221;4.16&#8243; custom_padding=&#8221;0px||||false|false&#8221; global_colors_info=&#8221;{}&#8221;][et_pb_row _builder_version=&#8221;4.16&#8243; background_size=&#8221;initial&#8221; background_position=&#8221;top_left&#8221; background_repeat=&#8221;repeat&#8221; width=&#8221;100%&#8221; custom_padding=&#8221;0px||0px||false|false&#8221; global_colors_info=&#8221;{}&#8221;][et_pb_column type=&#8221;4_4&#8243; _builder_version=&#8221;4.16&#8243; custom_padding=&#8221;|||&#8221; global_colors_info=&#8221;{}&#8221; custom_padding__hover=&#8221;|||&#8221;][et_pb_wc_breadcrumb breadcrumb_home_url=&#8221;https:\/\/agenciabeyond.com.br\/lp\/loja&#8221; _builder_version=&#8221;4.27.4&#8243; global_colors_info=&#8221;{}&#8221;][\/et_pb_wc_breadcrumb][et_pb_wc_cart_notice _builder_version=&#8221;4.16&#8243; global_colors_info=&#8221;{}&#8221;][\/et_pb_wc_cart_notice][\/et_pb_column][\/et_pb_row][et_pb_row column_structure=&#8221;1_2,1_2&#8243; _builder_version=&#8221;4.16&#8243; background_size=&#8221;initial&#8221; background_position=&#8221;top_left&#8221; background_repeat=&#8221;repeat&#8221; width=&#8221;100%&#8221; custom_padding=&#8221;0px||||false|false&#8221; global_colors_info=&#8221;{}&#8221;][et_pb_column type=&#8221;1_2&#8243; _builder_version=&#8221;4.16&#8243; custom_padding=&#8221;|||&#8221; global_colors_info=&#8221;{}&#8221; custom_padding__hover=&#8221;|||&#8221;][et_pb_wc_images _builder_version=&#8221;4.16&#8243; global_colors_info=&#8221;{}&#8221;][\/et_pb_wc_images][\/et_pb_column][et_pb_column type=&#8221;1_2&#8243; _builder_version=&#8221;4.16&#8243; custom_padding=&#8221;|||&#8221; global_colors_info=&#8221;{}&#8221; custom_padding__hover=&#8221;|||&#8221;][et_pb_wc_title _builder_version=&#8221;4.16&#8243; global_colors_info=&#8221;{}&#8221;][\/et_pb_wc_title][et_pb_wc_rating _builder_version=&#8221;4.16&#8243; global_colors_info=&#8221;{}&#8221;][\/et_pb_wc_rating][et_pb_wc_price _builder_version=&#8221;4.16&#8243; global_colors_info=&#8221;{}&#8221;][\/et_pb_wc_price][et_pb_wc_description _builder_version=&#8221;4.16&#8243; global_colors_info=&#8221;{}&#8221;][\/et_pb_wc_description][et_pb_wc_add_to_cart _builder_version=&#8221;4.27.4&#8243; field_label_font=&#8221;Poppins|700|||||||&#8221; fields_font=&#8221;Poppins||||||||&#8221; dropdown_menus_font=&#8221;Poppins||||||||&#8221; custom_button=&#8221;on&#8221; button_font=&#8221;Poppins||||||||&#8221; global_colors_info=&#8221;{}&#8221;][\/et_pb_wc_add_to_cart][et_pb_wc_meta _builder_version=&#8221;4.16&#8243; global_colors_info=&#8221;{}&#8221;][\/et_pb_wc_meta][\/et_pb_column][\/et_pb_row][et_pb_row _builder_version=&#8221;4.16&#8243; background_size=&#8221;initial&#8221; background_position=&#8221;top_left&#8221; background_repeat=&#8221;repeat&#8221; width=&#8221;100%&#8221; global_colors_info=&#8221;{}&#8221;][et_pb_column type=&#8221;4_4&#8243; _builder_version=&#8221;4.16&#8243; custom_padding=&#8221;|||&#8221; global_colors_info=&#8221;{}&#8221; custom_padding__hover=&#8221;|||&#8221;][et_pb_wc_tabs _builder_version=&#8221;4.16&#8243; global_colors_info=&#8221;{}&#8221;]\t\t\t\t\t[\/et_pb_wc_tabs][et_pb_wc_upsells _builder_version=&#8221;4.16&#8243; global_colors_info=&#8221;{}&#8221;][\/et_pb_wc_upsells][et_pb_wc_related_products _builder_version=&#8221;4.16&#8243; global_colors_info=&#8221;{}&#8221;][\/et_pb_wc_related_products][\/et_pb_column][\/et_pb_row][\/et_pb_section]<\/p>\n","protected":false},"excerpt":{"rendered":"","protected":false},"featured_media":641,"comment_status":"open","ping_status":"closed","template":"","meta":{"_et_pb_use_builder":"on","_et_pb_old_content":"Atraia e Conquiste Clientes com Campanhas Personalizadas no Facebook Ads!\r\n\r\nTransforme o Facebook em uma poderosa ferramenta para aumentar suas vendas! Com o nosso servi\u00e7o de Setup de Campanhas no Facebook Ads, ajudamos sua marca a alcan\u00e7ar o p\u00fablico certo, criando an\u00fancios que se conectam e convertem.\r\n\r\nNossa equipe de especialistas estrutura e otimiza suas campanhas para garantir visibilidade, engajamento e resultados reais. Seja para atrair novos clientes ou fortalecer sua marca, cuidamos de todos os detalhes para voc\u00ea come\u00e7ar a crescer.\"\r\n\r\n<strong>O que est\u00e1 incluso no Setup?<\/strong>\r\n<ul>\r\n \t<li><strong>Defini\u00e7\u00e3o de P\u00fablicos Personalizados:<\/strong> Segmenta\u00e7\u00e3o precisa para atingir clientes ideais.<\/li>\r\n \t<li><strong>Cria\u00e7\u00e3o de An\u00fancios Atrativos:<\/strong> Visual e copy que chamam aten\u00e7\u00e3o e geram cliques.<\/li>\r\n \t<li><strong>Estrutura\u00e7\u00e3o de Campanhas e Conjuntos de An\u00fancios:<\/strong> Organiza\u00e7\u00e3o estrat\u00e9gica para maximizar resultados.<\/li>\r\n \t<li><strong>Otimiza\u00e7\u00e3o Inicial:<\/strong> Ajustes para garantir o melhor desempenho desde o in\u00edcio.<\/li>\r\n \t<li><strong>Monitoramento e Configura\u00e7\u00e3o de Pixel:<\/strong> Acompanhamento de convers\u00f5es e insights detalhados.<\/li>\r\n<\/ul>\r\nConquiste espa\u00e7o no feed dos seus clientes e transforme cliques em convers\u00f5es.\r\n\r\n<strong>Pronto para conquistar seu p\u00fablico no Facebook? Contrate agora o Setup de Campanha no Facebook Ads e veja sua marca decolar!<\/strong>","_et_gb_content_width":"","_joinchat":[]},"product_brand":[],"product_cat":[23,22],"product_tag":[],"class_list":{"0":"post-640","1":"product","2":"type-product","3":"status-publish","4":"has-post-thumbnail","6":"product_cat-facebook-ads","7":"product_cat-trafego-pago","9":"first","10":"instock","11":"sale","12":"shipping-taxable","13":"purchasable","14":"product-type-simple"},"yoast_head":"<!-- This site is optimized with the Yoast SEO Premium plugin v24.1 (Yoast SEO v26.2) - https:\/\/yoast.com\/wordpress\/plugins\/seo\/ -->\n<title>Setup Campanha Tr\u00e1fego Pago \u2013 Facebook Ads - Marketing Digital<\/title>\n<meta name=\"description\" content=\"Setup de Campanhas no Facebook Ads, Transforme o Facebook em uma poderosa ferramenta para aumentar suas vendas! Criamos an\u00fancios que se conectam e convertem\" \/>\n<meta name=\"robots\" content=\"index, follow, max-snippet:-1, max-image-preview:large, max-video-preview:-1\" \/>\n<link rel=\"canonical\" href=\"https:\/\/agenciabeyond.com.br\/lp\/produto\/setup-campanha-trafego-pago-facebook-ads\/\" \/>\n<meta property=\"og:locale\" content=\"pt_BR\" \/>\n<meta property=\"og:type\" content=\"article\" \/>\n<meta property=\"og:title\" content=\"Setup Campanha Tr\u00e1fego Pago \u2013 Facebook Ads\" \/>\n<meta property=\"og:description\" content=\"Setup de Campanhas no Facebook Ads, Transforme o Facebook em uma poderosa ferramenta para aumentar suas vendas! Criamos an\u00fancios que se conectam e convertem\" \/>\n<meta property=\"og:url\" content=\"https:\/\/agenciabeyond.com.br\/lp\/produto\/setup-campanha-trafego-pago-facebook-ads\/\" \/>\n<meta property=\"og:site_name\" content=\"Marketing Digital\" \/>\n<meta property=\"article:modified_time\" content=\"2025-04-12T12:23:42+00:00\" \/>\n<meta property=\"og:image\" content=\"https:\/\/agenciabeyond.com.br\/lp\/wp-content\/uploads\/2024\/12\/img_facebook_loja_v2.jpg\" \/>\n\t<meta property=\"og:image:width\" content=\"1080\" \/>\n\t<meta property=\"og:image:height\" content=\"1081\" \/>\n\t<meta property=\"og:image:type\" content=\"image\/jpeg\" \/>\n<meta name=\"twitter:card\" content=\"summary_large_image\" \/>\n<meta name=\"twitter:label1\" content=\"Est. tempo de leitura\" \/>\n\t<meta name=\"twitter:data1\" content=\"3 minutos\" \/>\n<script type=\"application\/ld+json\" class=\"yoast-schema-graph\">{\"@context\":\"https:\/\/schema.org\",\"@graph\":[{\"@type\":\"WebPage\",\"@id\":\"https:\/\/agenciabeyond.com.br\/lp\/produto\/setup-campanha-trafego-pago-facebook-ads\/\",\"url\":\"https:\/\/agenciabeyond.com.br\/lp\/produto\/setup-campanha-trafego-pago-facebook-ads\/\",\"name\":\"Setup Campanha Tr\u00e1fego Pago \u2013 Facebook Ads - Marketing Digital\",\"isPartOf\":{\"@id\":\"https:\/\/agenciabeyond.com.br\/lp\/#website\"},\"primaryImageOfPage\":{\"@id\":\"https:\/\/agenciabeyond.com.br\/lp\/produto\/setup-campanha-trafego-pago-facebook-ads\/#primaryimage\"},\"image\":{\"@id\":\"https:\/\/agenciabeyond.com.br\/lp\/produto\/setup-campanha-trafego-pago-facebook-ads\/#primaryimage\"},\"thumbnailUrl\":\"https:\/\/agenciabeyond.com.br\/lp\/wp-content\/uploads\/2024\/12\/img_facebook_loja_v2.jpg\",\"datePublished\":\"2024-12-22T00:54:27+00:00\",\"dateModified\":\"2025-04-12T12:23:42+00:00\",\"description\":\"Setup de Campanhas no Facebook Ads, Transforme o Facebook em uma poderosa ferramenta para aumentar suas vendas! Criamos an\u00fancios que se conectam e convertem\",\"breadcrumb\":{\"@id\":\"https:\/\/agenciabeyond.com.br\/lp\/produto\/setup-campanha-trafego-pago-facebook-ads\/#breadcrumb\"},\"inLanguage\":\"pt-BR\",\"potentialAction\":[{\"@type\":\"ReadAction\",\"target\":[\"https:\/\/agenciabeyond.com.br\/lp\/produto\/setup-campanha-trafego-pago-facebook-ads\/\"]}]},{\"@type\":\"ImageObject\",\"inLanguage\":\"pt-BR\",\"@id\":\"https:\/\/agenciabeyond.com.br\/lp\/produto\/setup-campanha-trafego-pago-facebook-ads\/#primaryimage\",\"url\":\"https:\/\/agenciabeyond.com.br\/lp\/wp-content\/uploads\/2024\/12\/img_facebook_loja_v2.jpg\",\"contentUrl\":\"https:\/\/agenciabeyond.com.br\/lp\/wp-content\/uploads\/2024\/12\/img_facebook_loja_v2.jpg\",\"width\":1080,\"height\":1081},{\"@type\":\"BreadcrumbList\",\"@id\":\"https:\/\/agenciabeyond.com.br\/lp\/produto\/setup-campanha-trafego-pago-facebook-ads\/#breadcrumb\",\"itemListElement\":[{\"@type\":\"ListItem\",\"position\":1,\"name\":\"In\u00edcio\",\"item\":\"https:\/\/agenciabeyond.com.br\/lp\/\"},{\"@type\":\"ListItem\",\"position\":2,\"name\":\"Loja\",\"item\":\"https:\/\/agenciabeyond.com.br\/lp\/loja\/\"},{\"@type\":\"ListItem\",\"position\":3,\"name\":\"Setup Campanha Tr\u00e1fego Pago \u2013 Facebook Ads\"}]},{\"@type\":\"WebSite\",\"@id\":\"https:\/\/agenciabeyond.com.br\/lp\/#website\",\"url\":\"https:\/\/agenciabeyond.com.br\/lp\/\",\"name\":\"Marketing Digital\",\"description\":\"Marketing Personalizado\",\"potentialAction\":[{\"@type\":\"SearchAction\",\"target\":{\"@type\":\"EntryPoint\",\"urlTemplate\":\"https:\/\/agenciabeyond.com.br\/lp\/?s={search_term_string}\"},\"query-input\":{\"@type\":\"PropertyValueSpecification\",\"valueRequired\":true,\"valueName\":\"search_term_string\"}}],\"inLanguage\":\"pt-BR\"}]}<\/script>\n<!-- \/ Yoast SEO Premium plugin. -->","yoast_head_json":{"title":"Setup Campanha Tr\u00e1fego Pago \u2013 Facebook Ads - Marketing Digital","description":"Setup de Campanhas no Facebook Ads, Transforme o Facebook em uma poderosa ferramenta para aumentar suas vendas! Criamos an\u00fancios que se conectam e convertem","robots":{"index":"index","follow":"follow","max-snippet":"max-snippet:-1","max-image-preview":"max-image-preview:large","max-video-preview":"max-video-preview:-1"},"canonical":"https:\/\/agenciabeyond.com.br\/lp\/produto\/setup-campanha-trafego-pago-facebook-ads\/","og_locale":"pt_BR","og_type":"article","og_title":"Setup Campanha Tr\u00e1fego Pago \u2013 Facebook Ads","og_description":"Setup de Campanhas no Facebook Ads, Transforme o Facebook em uma poderosa ferramenta para aumentar suas vendas! Criamos an\u00fancios que se conectam e convertem","og_url":"https:\/\/agenciabeyond.com.br\/lp\/produto\/setup-campanha-trafego-pago-facebook-ads\/","og_site_name":"Marketing Digital","article_modified_time":"2025-04-12T12:23:42+00:00","og_image":[{"width":1080,"height":1081,"url":"https:\/\/agenciabeyond.com.br\/lp\/wp-content\/uploads\/2024\/12\/img_facebook_loja_v2.jpg","type":"image\/jpeg"}],"twitter_card":"summary_large_image","twitter_misc":{"Est. tempo de leitura":"3 minutos"},"schema":{"@context":"https:\/\/schema.org","@graph":[{"@type":"WebPage","@id":"https:\/\/agenciabeyond.com.br\/lp\/produto\/setup-campanha-trafego-pago-facebook-ads\/","url":"https:\/\/agenciabeyond.com.br\/lp\/produto\/setup-campanha-trafego-pago-facebook-ads\/","name":"Setup Campanha Tr\u00e1fego Pago \u2013 Facebook Ads - Marketing Digital","isPartOf":{"@id":"https:\/\/agenciabeyond.com.br\/lp\/#website"},"primaryImageOfPage":{"@id":"https:\/\/agenciabeyond.com.br\/lp\/produto\/setup-campanha-trafego-pago-facebook-ads\/#primaryimage"},"image":{"@id":"https:\/\/agenciabeyond.com.br\/lp\/produto\/setup-campanha-trafego-pago-facebook-ads\/#primaryimage"},"thumbnailUrl":"https:\/\/agenciabeyond.com.br\/lp\/wp-content\/uploads\/2024\/12\/img_facebook_loja_v2.jpg","datePublished":"2024-12-22T00:54:27+00:00","dateModified":"2025-04-12T12:23:42+00:00","description":"Setup de Campanhas no Facebook Ads, Transforme o Facebook em uma poderosa ferramenta para aumentar suas vendas! Criamos an\u00fancios que se conectam e convertem","breadcrumb":{"@id":"https:\/\/agenciabeyond.com.br\/lp\/produto\/setup-campanha-trafego-pago-facebook-ads\/#breadcrumb"},"inLanguage":"pt-BR","potentialAction":[{"@type":"ReadAction","target":["https:\/\/agenciabeyond.com.br\/lp\/produto\/setup-campanha-trafego-pago-facebook-ads\/"]}]},{"@type":"ImageObject","inLanguage":"pt-BR","@id":"https:\/\/agenciabeyond.com.br\/lp\/produto\/setup-campanha-trafego-pago-facebook-ads\/#primaryimage","url":"https:\/\/agenciabeyond.com.br\/lp\/wp-content\/uploads\/2024\/12\/img_facebook_loja_v2.jpg","contentUrl":"https:\/\/agenciabeyond.com.br\/lp\/wp-content\/uploads\/2024\/12\/img_facebook_loja_v2.jpg","width":1080,"height":1081},{"@type":"BreadcrumbList","@id":"https:\/\/agenciabeyond.com.br\/lp\/produto\/setup-campanha-trafego-pago-facebook-ads\/#breadcrumb","itemListElement":[{"@type":"ListItem","position":1,"name":"In\u00edcio","item":"https:\/\/agenciabeyond.com.br\/lp\/"},{"@type":"ListItem","position":2,"name":"Loja","item":"https:\/\/agenciabeyond.com.br\/lp\/loja\/"},{"@type":"ListItem","position":3,"name":"Setup Campanha Tr\u00e1fego Pago \u2013 Facebook Ads"}]},{"@type":"WebSite","@id":"https:\/\/agenciabeyond.com.br\/lp\/#website","url":"https:\/\/agenciabeyond.com.br\/lp\/","name":"Marketing Digital","description":"Marketing Personalizado","potentialAction":[{"@type":"SearchAction","target":{"@type":"EntryPoint","urlTemplate":"https:\/\/agenciabeyond.com.br\/lp\/?s={search_term_string}"},"query-input":{"@type":"PropertyValueSpecification","valueRequired":true,"valueName":"search_term_string"}}],"inLanguage":"pt-BR"}]}},"_links":{"self":[{"href":"https:\/\/agenciabeyond.com.br\/lp\/wp-json\/wp\/v2\/product\/640","targetHints":{"allow":["GET"]}}],"collection":[{"href":"https:\/\/agenciabeyond.com.br\/lp\/wp-json\/wp\/v2\/product"}],"about":[{"href":"https:\/\/agenciabeyond.com.br\/lp\/wp-json\/wp\/v2\/types\/product"}],"replies":[{"embeddable":true,"href":"https:\/\/agenciabeyond.com.br\/lp\/wp-json\/wp\/v2\/comments?post=640"}],"wp:featuredmedia":[{"embeddable":true,"href":"https:\/\/agenciabeyond.com.br\/lp\/wp-json\/wp\/v2\/media\/641"}],"wp:attachment":[{"href":"https:\/\/agenciabeyond.com.br\/lp\/wp-json\/wp\/v2\/media?parent=640"}],"wp:term":[{"taxonomy":"product_brand","embeddable":true,"href":"https:\/\/agenciabeyond.com.br\/lp\/wp-json\/wp\/v2\/product_brand?post=640"},{"taxonomy":"product_cat","embeddable":true,"href":"https:\/\/agenciabeyond.com.br\/lp\/wp-json\/wp\/v2\/product_cat?post=640"},{"taxonomy":"product_tag","embeddable":true,"href":"https:\/\/agenciabeyond.com.br\/lp\/wp-json\/wp\/v2\/product_tag?post=640"}],"curies":[{"name":"wp","href":"https:\/\/api.w.org\/{rel}","templated":true}]}}